{"id":1936,"date":"2021-11-30T12:43:45","date_gmt":"2021-11-30T12:43:45","guid":{"rendered":"https:\/\/irmit.org\/?page_id=1936"},"modified":"2023-02-19T11:42:24","modified_gmt":"2023-02-19T11:42:24","slug":"philosophie","status":"publish","type":"page","link":"https:\/\/irmit.org\/?page_id=1936","title":{"rendered":"Philosophie"},"content":{"rendered":"\t\t<div data-elementor-type=\"wp-page\" data-elementor-id=\"1936\" class=\"elementor elementor-1936\" data-elementor-post-type=\"page\">\n\t\t\t\t\t\t<section class=\"elementor-section elementor-top-section elementor-element elementor-element-16e1194 elementor-section-full_width elementor-section-height-min-height elementor-section-items-stretch elementor-section-content-middle elementor-section-height-default\" data-id=\"16e1194\" data-element_type=\"section\" data-e-type=\"section\" data-settings=\"{&quot;background_background&quot;:&quot;classic&quot;}\">\n\t\t\t\t\t\t<div class=\"elementor-container elementor-column-gap-no\">\n\t\t\t\t\t<div class=\"elementor-column elementor-col-100 elementor-top-column elementor-element elementor-element-7f19ac0\" data-id=\"7f19ac0\" data-element_type=\"column\" data-e-type=\"column\">\n\t\t\t<div class=\"elementor-widget-wrap elementor-element-populated\">\n\t\t\t\t\t\t<div class=\"elementor-element elementor-element-cf10170 elementor-widget__width-initial elementor-absolute elementor-widget-tablet__width-initial elementor-widget-mobile__width-initial elementor-widget elementor-widget-spacer\" data-id=\"cf10170\" data-element_type=\"widget\" data-e-type=\"widget\" data-settings=\"{&quot;_position&quot;:&quot;absolute&quot;,&quot;motion_fx_motion_fx_scrolling&quot;:&quot;yes&quot;,&quot;motion_fx_translateY_effect&quot;:&quot;yes&quot;,&quot;motion_fx_translateY_direction&quot;:&quot;negative&quot;,&quot;motion_fx_translateY_speed&quot;:{&quot;unit&quot;:&quot;px&quot;,&quot;size&quot;:&quot;2&quot;,&quot;sizes&quot;:[]},&quot;motion_fx_translateY_affectedRange&quot;:{&quot;unit&quot;:&quot;%&quot;,&quot;size&quot;:&quot;&quot;,&quot;sizes&quot;:{&quot;start&quot;:&quot;0&quot;,&quot;end&quot;:&quot;50&quot;}},&quot;motion_fx_devices&quot;:[&quot;desktop&quot;,&quot;tablet&quot;]}\" data-widget_type=\"spacer.default\">\n\t\t\t\t<div class=\"elementor-widget-container\">\n\t\t\t\t\t\t\t<div class=\"elementor-spacer\">\n\t\t\t<div class=\"elementor-spacer-inner\"><\/div>\n\t\t<\/div>\n\t\t\t\t\t\t<\/div>\n\t\t\t\t<\/div>\n\t\t\t\t<div class=\"elementor-element elementor-element-4fccd81 elementor-widget__width-initial elementor-absolute elementor-widget-tablet__width-initial elementor-widget-mobile__width-initial elementor-widget elementor-widget-spacer\" data-id=\"4fccd81\" data-element_type=\"widget\" data-e-type=\"widget\" data-settings=\"{&quot;_position&quot;:&quot;absolute&quot;,&quot;motion_fx_motion_fx_scrolling&quot;:&quot;yes&quot;,&quot;motion_fx_translateY_effect&quot;:&quot;yes&quot;,&quot;motion_fx_translateY_speed&quot;:{&quot;unit&quot;:&quot;px&quot;,&quot;size&quot;:&quot;2&quot;,&quot;sizes&quot;:[]},&quot;motion_fx_translateY_affectedRange&quot;:{&quot;unit&quot;:&quot;%&quot;,&quot;size&quot;:&quot;&quot;,&quot;sizes&quot;:{&quot;start&quot;:&quot;0&quot;,&quot;end&quot;:&quot;50&quot;}},&quot;motion_fx_devices&quot;:[&quot;desktop&quot;,&quot;tablet&quot;]}\" data-widget_type=\"spacer.default\">\n\t\t\t\t<div class=\"elementor-widget-container\">\n\t\t\t\t\t\t\t<div class=\"elementor-spacer\">\n\t\t\t<div class=\"elementor-spacer-inner\"><\/div>\n\t\t<\/div>\n\t\t\t\t\t\t<\/div>\n\t\t\t\t<\/div>\n\t\t\t\t<section class=\"elementor-section elementor-inner-section elementor-element elementor-element-0146fb3 elementor-section-content-middle elementor-section-boxed elementor-section-height-default elementor-section-height-default\" data-id=\"0146fb3\" data-element_type=\"section\" data-e-type=\"section\">\n\t\t\t\t\t\t<div class=\"elementor-container elementor-column-gap-no\">\n\t\t\t\t\t<div class=\"elementor-column elementor-col-100 elementor-inner-column elementor-element elementor-element-ba7583a\" data-id=\"ba7583a\" data-element_type=\"column\" data-e-type=\"column\">\n\t\t\t<div class=\"elementor-widget-wrap elementor-element-populated\">\n\t\t\t\t\t\t<div class=\"elementor-element elementor-element-18f6940 elementor-widget elementor-widget-spacer\" data-id=\"18f6940\" data-element_type=\"widget\" data-e-type=\"widget\" data-widget_type=\"spacer.default\">\n\t\t\t\t<div class=\"elementor-widget-container\">\n\t\t\t\t\t\t\t<div class=\"elementor-spacer\">\n\t\t\t<div class=\"elementor-spacer-inner\"><\/div>\n\t\t<\/div>\n\t\t\t\t\t\t<\/div>\n\t\t\t\t<\/div>\n\t\t\t\t\t<\/div>\n\t\t<\/div>\n\t\t\t\t\t<\/div>\n\t\t<\/section>\n\t\t\t\t<section class=\"elementor-section elementor-inner-section elementor-element elementor-element-3b341c8 elementor-section-content-middle elementor-section-boxed elementor-section-height-default elementor-section-height-default\" data-id=\"3b341c8\" data-element_type=\"section\" data-e-type=\"section\">\n\t\t\t\t\t\t<div class=\"elementor-container elementor-column-gap-no\">\n\t\t\t\t\t<div class=\"elementor-column elementor-col-100 elementor-inner-column elementor-element elementor-element-09b50de\" data-id=\"09b50de\" data-element_type=\"column\" data-e-type=\"column\">\n\t\t\t<div class=\"elementor-widget-wrap elementor-element-populated\">\n\t\t\t\t\t\t<div class=\"elementor-element elementor-element-136fd75 elementor-widget elementor-widget-image\" data-id=\"136fd75\" data-element_type=\"widget\" data-e-type=\"widget\" data-widget_type=\"image.default\">\n\t\t\t\t<div class=\"elementor-widget-container\">\n\t\t\t\t\t\t\t\t\t\t\t\t\t\t\t<img fetchpriority=\"high\" decoding=\"async\" width=\"800\" height=\"247\" src=\"https:\/\/irmit.org\/wp-content\/uploads\/2022\/01\/Hintergrund-1024x316.png\" class=\"attachment-large size-large wp-image-2621\" alt=\"\" srcset=\"https:\/\/irmit.org\/wp-content\/uploads\/2022\/01\/Hintergrund-1024x316.png 1024w, https:\/\/irmit.org\/wp-content\/uploads\/2022\/01\/Hintergrund-300x93.png 300w, https:\/\/irmit.org\/wp-content\/uploads\/2022\/01\/Hintergrund-768x237.png 768w, https:\/\/irmit.org\/wp-content\/uploads\/2022\/01\/Hintergrund-1536x474.png 1536w, https:\/\/irmit.org\/wp-content\/uploads\/2022\/01\/Hintergrund-2048x632.png 2048w\" sizes=\"(max-width: 800px) 100vw, 800px\" \/>\t\t\t\t\t\t\t\t\t\t\t\t\t\t\t<\/div>\n\t\t\t\t<\/div>\n\t\t\t\t\t<\/div>\n\t\t<\/div>\n\t\t\t\t\t<\/div>\n\t\t<\/section>\n\t\t\t\t\t<\/div>\n\t\t<\/div>\n\t\t\t\t\t<\/div>\n\t\t<\/section>\n\t\t\t\t<section class=\"elementor-section elementor-inner-section elementor-element elementor-element-a796976 elementor-section-boxed elementor-section-height-default elementor-section-height-default\" data-id=\"a796976\" data-element_type=\"section\" data-e-type=\"section\">\n\t\t\t\t\t\t\t<div class=\"elementor-background-overlay\"><\/div>\n\t\t\t\t\t\t\t<div class=\"elementor-container elementor-column-gap-default\">\n\t\t\t\t\t<div class=\"elementor-column elementor-col-50 elementor-inner-column elementor-element elementor-element-7564433\" data-id=\"7564433\" data-element_type=\"column\" data-e-type=\"column\">\n\t\t\t<div class=\"elementor-widget-wrap elementor-element-populated\">\n\t\t\t\t\t\t<div class=\"elementor-element elementor-element-6ce9dc8 elementor-widget elementor-widget-heading\" data-id=\"6ce9dc8\" data-element_type=\"widget\" data-e-type=\"widget\" data-widget_type=\"heading.default\">\n\t\t\t\t<div class=\"elementor-widget-container\">\n\t\t\t\t\t<h1 class=\"elementor-heading-title elementor-size-default\">Unsere Philosophie<\/h1>\t\t\t\t<\/div>\n\t\t\t\t<\/div>\n\t\t\t\t<div class=\"elementor-element elementor-element-b6f5c40 elementor-widget elementor-widget-spacer\" data-id=\"b6f5c40\" data-element_type=\"widget\" data-e-type=\"widget\" data-widget_type=\"spacer.default\">\n\t\t\t\t<div class=\"elementor-widget-container\">\n\t\t\t\t\t\t\t<div class=\"elementor-spacer\">\n\t\t\t<div class=\"elementor-spacer-inner\"><\/div>\n\t\t<\/div>\n\t\t\t\t\t\t<\/div>\n\t\t\t\t<\/div>\n\t\t\t\t<div class=\"elementor-element elementor-element-429b802 elementor-widget elementor-widget-text-editor\" data-id=\"429b802\" data-element_type=\"widget\" data-e-type=\"widget\" data-widget_type=\"text-editor.default\">\n\t\t\t\t<div class=\"elementor-widget-container\">\n\t\t\t\t\t\t\t\t\t<p><span dir=\"ltr\" role=\"presentation\">Jeder Mensch ist f\u00fcr uns ein einzigartiges sinnsuchendes Wesen, der <\/span><span dir=\"ltr\" role=\"presentation\">Chancen und Perspektiven f\u00fcr ein neues Wachstum zur Verf\u00fcgung hat. Der <\/span><span dir=\"ltr\" role=\"presentation\">Prozess dieser Gestaltungsfindung ist ein essenzieller Teil unserer <\/span><br role=\"presentation\" \/><span dir=\"ltr\" role=\"presentation\">beratenden T\u00e4tigkeit. Besonders aktuell in Zeiten einer globalen <\/span><br role=\"presentation\" \/><span dir=\"ltr\" role=\"presentation\">Pandemie, aber auch danach wird die psychische Widerstandsf\u00e4higkeit <\/span><br role=\"presentation\" \/><span dir=\"ltr\" role=\"presentation\">von Menschen und Gesellschaften sehr unter Beweis gestellt.<\/span><\/p><p><span dir=\"ltr\" role=\"presentation\">Nicht nur im Hier und jetzt, sondern auch im Lebenskontinuum jedes <\/span><br role=\"presentation\" \/><span dir=\"ltr\" role=\"presentation\">Individuums ist es uns wichtig, gemeinsam vorhandenen Strukturen <\/span><br role=\"presentation\" \/><span dir=\"ltr\" role=\"presentation\">anzuschauen, Ziele definieren um die Entwicklung von K\u00f6rper und Geist <\/span><br role=\"presentation\" \/><span dir=\"ltr\" role=\"presentation\">f\u00f6rdern zu k\u00f6nnen.<\/span><\/p>\t\t\t\t\t\t\t\t<\/div>\n\t\t\t\t<\/div>\n\t\t\t\t<div class=\"elementor-element elementor-element-5c1242c elementor-widget elementor-widget-text-editor\" data-id=\"5c1242c\" data-element_type=\"widget\" data-e-type=\"widget\" data-widget_type=\"text-editor.default\">\n\t\t\t\t<div class=\"elementor-widget-container\">\n\t\t\t\t\t\t\t\t\t<p style=\"text-align: left;\"><span dir=\"ltr\" role=\"presentation\"><img decoding=\"async\" class=\"wp-image-2026 alignleft\" src=\"https:\/\/irmit.org\/wp-content\/uploads\/2021\/11\/E6EF4223-1127-4FE7-8159-946350C5F804-300x200.jpeg\" alt=\"\" width=\"221\" height=\"147\" srcset=\"https:\/\/irmit.org\/wp-content\/uploads\/2021\/11\/E6EF4223-1127-4FE7-8159-946350C5F804-300x200.jpeg 300w, https:\/\/irmit.org\/wp-content\/uploads\/2021\/11\/E6EF4223-1127-4FE7-8159-946350C5F804-1024x683.jpeg 1024w, https:\/\/irmit.org\/wp-content\/uploads\/2021\/11\/E6EF4223-1127-4FE7-8159-946350C5F804-768x512.jpeg 768w, https:\/\/irmit.org\/wp-content\/uploads\/2021\/11\/E6EF4223-1127-4FE7-8159-946350C5F804-1536x1024.jpeg 1536w, https:\/\/irmit.org\/wp-content\/uploads\/2021\/11\/E6EF4223-1127-4FE7-8159-946350C5F804.jpeg 1920w\" sizes=\"(max-width: 221px) 100vw, 221px\" \/><strong>Das Leben mit Sinn neu erf\u00fcllen kann eine wunderbare Reise zu sich selbst sein und Lebenskrisen signalisieren oft den Start, um eigene Kr\u00e4fte und Ressourcen wieder zu verstehen und integrieren zu k\u00f6nnen.<\/strong><\/span><\/p>\t\t\t\t\t\t\t\t<\/div>\n\t\t\t\t<\/div>\n\t\t\t\t\t<\/div>\n\t\t<\/div>\n\t\t\t\t<div class=\"elementor-column elementor-col-50 elementor-inner-column elementor-element elementor-element-7b012e2\" data-id=\"7b012e2\" data-element_type=\"column\" data-e-type=\"column\">\n\t\t\t<div class=\"elementor-widget-wrap elementor-element-populated\">\n\t\t\t\t\t\t<div class=\"elementor-element elementor-element-c090f91 elementor-widget elementor-widget-spacer\" data-id=\"c090f91\" data-element_type=\"widget\" data-e-type=\"widget\" data-widget_type=\"spacer.default\">\n\t\t\t\t<div class=\"elementor-widget-container\">\n\t\t\t\t\t\t\t<div class=\"elementor-spacer\">\n\t\t\t<div class=\"elementor-spacer-inner\"><\/div>\n\t\t<\/div>\n\t\t\t\t\t\t<\/div>\n\t\t\t\t<\/div>\n\t\t\t\t<div class=\"elementor-element elementor-element-9217187 elementor-widget elementor-widget-image\" data-id=\"9217187\" data-element_type=\"widget\" data-e-type=\"widget\" data-widget_type=\"image.default\">\n\t\t\t\t<div class=\"elementor-widget-container\">\n\t\t\t\t\t\t\t\t\t\t\t\t\t\t\t<img decoding=\"async\" width=\"768\" height=\"1024\" src=\"https:\/\/irmit.org\/wp-content\/uploads\/2023\/02\/1D8C89ED-C712-4768-9C96-B48ED36C172A-768x1024.jpeg\" class=\"attachment-large size-large wp-image-3571\" alt=\"\" srcset=\"https:\/\/irmit.org\/wp-content\/uploads\/2023\/02\/1D8C89ED-C712-4768-9C96-B48ED36C172A-768x1024.jpeg 768w, https:\/\/irmit.org\/wp-content\/uploads\/2023\/02\/1D8C89ED-C712-4768-9C96-B48ED36C172A-225x300.jpeg 225w, https:\/\/irmit.org\/wp-content\/uploads\/2023\/02\/1D8C89ED-C712-4768-9C96-B48ED36C172A-1152x1536.jpeg 1152w, https:\/\/irmit.org\/wp-content\/uploads\/2023\/02\/1D8C89ED-C712-4768-9C96-B48ED36C172A-1536x2048.jpeg 1536w, https:\/\/irmit.org\/wp-content\/uploads\/2023\/02\/1D8C89ED-C712-4768-9C96-B48ED36C172A-scaled.jpeg 1920w\" sizes=\"(max-width: 768px) 100vw, 768px\" \/>\t\t\t\t\t\t\t\t\t\t\t\t\t\t\t<\/div>\n\t\t\t\t<\/div>\n\t\t\t\t\t<\/div>\n\t\t<\/div>\n\t\t\t\t\t<\/div>\n\t\t<\/section>\n\t\t\t\t<section class=\"elementor-section elementor-inner-section elementor-element elementor-element-e918856 elementor-section-boxed elementor-section-height-default elementor-section-height-default\" data-id=\"e918856\" data-element_type=\"section\" data-e-type=\"section\">\n\t\t\t\t\t\t\t<div class=\"elementor-background-overlay\"><\/div>\n\t\t\t\t\t\t\t<div class=\"elementor-container elementor-column-gap-default\">\n\t\t\t\t\t<div class=\"elementor-column elementor-col-50 elementor-inner-column elementor-element elementor-element-5a2c2b7\" data-id=\"5a2c2b7\" data-element_type=\"column\" data-e-type=\"column\">\n\t\t\t<div class=\"elementor-widget-wrap elementor-element-populated\">\n\t\t\t\t\t\t<div class=\"elementor-element elementor-element-44ff022 elementor-widget elementor-widget-text-editor\" data-id=\"44ff022\" data-element_type=\"widget\" data-e-type=\"widget\" data-widget_type=\"text-editor.default\">\n\t\t\t\t<div class=\"elementor-widget-container\">\n\t\t\t\t\t\t\t\t\t<p><span dir=\"ltr\" role=\"presentation\">Uns ist es wichtig Gruppen und Teamprozesse mehrseitig zu <\/span><span dir=\"ltr\" role=\"presentation\">betrachten, beschreiben um eine neue Entwicklung zu unterst\u00fctzen. Wir <\/span><span dir=\"ltr\" role=\"presentation\">k\u00f6nnen unseren Kunden in schwierigen oder krisenhaften Lebensphasen <\/span><span dir=\"ltr\" role=\"presentation\">mit behutsam entwickelten Beratungs- und Coachingangebote <\/span><span dir=\"ltr\" role=\"presentation\">unterst\u00fctzen.<\/span> <span dir=\"ltr\" role=\"presentation\">Der Prozess einer Beratung kann eine philosophische Suche <\/span><span dir=\"ltr\" role=\"presentation\">der eigenen Pers\u00f6nlichkeit, eine Suche des Geistes und eine <\/span><span dir=\"ltr\" role=\"presentation\">Wahrnehmung und neu Orientierung des Ichs darstellen. <br \/><\/span><\/p>\t\t\t\t\t\t\t\t<\/div>\n\t\t\t\t<\/div>\n\t\t\t\t<div class=\"elementor-element elementor-element-afe26af elementor-widget elementor-widget-text-editor\" data-id=\"afe26af\" data-element_type=\"widget\" data-e-type=\"widget\" data-widget_type=\"text-editor.default\">\n\t\t\t\t<div class=\"elementor-widget-container\">\n\t\t\t\t\t\t\t\t\t<p>\u00a0<\/p><p><strong><span dir=\"ltr\" role=\"presentation\">F\u00fcr unsere <\/span><span dir=\"ltr\" role=\"presentation\">explorative und unterst\u00fctzende Arbeit steht die eigene Identit\u00e4t jeder <\/span><span dir=\"ltr\" role=\"presentation\">Person im Mittelpunkt. <\/span> <\/strong><\/p><p><strong><span dir=\"ltr\" role=\"presentation\">Wir setzten auf Pluralit\u00e4t, Offenheit, Transparenz, <\/span><span dir=\"ltr\" role=\"presentation\">Wertsch\u00e4tzung und Nachhaltigkeit <\/span><\/strong><strong><span dir=\"ltr\" role=\"presentation\">mit Ber\u00fccksichtigung der <\/span><span dir=\"ltr\" role=\"presentation\">Grundbed\u00fcrfnisse jedes Menschen.<\/span> <\/strong><span dir=\"ltr\" role=\"presentation\"><br \/><\/span><\/p><p>\u00a0<\/p>\t\t\t\t\t\t\t\t<\/div>\n\t\t\t\t<\/div>\n\t\t\t\t<div class=\"elementor-element elementor-element-f40df57 elementor-widget elementor-widget-text-editor\" data-id=\"f40df57\" data-element_type=\"widget\" data-e-type=\"widget\" data-widget_type=\"text-editor.default\">\n\t\t\t\t<div class=\"elementor-widget-container\">\n\t\t\t\t\t\t\t\t\t<p><span dir=\"ltr\" role=\"presentation\">Diese sind wichtige Prinzipien und <\/span><span dir=\"ltr\" role=\"presentation\">Voraussetzungen f\u00fcr uns in der Kommunikation mit Einzelnen Klient*innen <\/span><span dir=\"ltr\" role=\"presentation\">sowohl als auch mit Organisationen und Teams. Wir sind flexibel und <\/span><span dir=\"ltr\" role=\"presentation\">Ortsunabh\u00e4ngig und wir m\u00f6gen gerne Reisen um unsere Kund*innen in <\/span><span dir=\"ltr\" role=\"presentation\">deren jeweiligen Arbeitsfelder anzutreffen und zu begleiten, wenn es <\/span><span dir=\"ltr\" role=\"presentation\">ew\u00fcnscht wird. Wir k\u00f6nnen unsere Beratung auch in anderen Sprachen <\/span><span dir=\"ltr\" role=\"presentation\">anbieten, wie u.a., <\/span> <span dir=\"ltr\" role=\"presentation\">Englisch und Griechisch und setzen ein hohes Ma\u00df an <\/span><span dir=\"ltr\" role=\"presentation\">Interkulturellen Kommunikation. Wir kennen uns gut mit akuten <\/span><span dir=\"ltr\" role=\"presentation\">Situationen aus, beherrschen gut die Krisenintervention, und k\u00f6nnen uns <\/span><span dir=\"ltr\" role=\"presentation\">schnell und unkompliziert in anspruchsvollen komplexen Lagen <\/span><span dir=\"ltr\" role=\"presentation\">hineinversetzten, um neue M\u00f6glichkeiten zu erarbeiten. Krisen sind oft <\/span><span dir=\"ltr\" role=\"presentation\">eine neue M\u00f6glichkeit, eine Chance den aktuellen Rahmen andres zu <\/span><span dir=\"ltr\" role=\"presentation\">betrachten und m\u00f6glichst ebenfalls neu zu gestalten. <\/span><\/p><p><span dir=\"ltr\" role=\"presentation\">Unsere Kunden <\/span><span dir=\"ltr\" role=\"presentation\">k\u00f6nnen gut von unserer langen Erfahrung in Beratungs-, Trainings-, und <\/span><span dir=\"ltr\" role=\"presentation\">Weiterbildungskonzepte profitieren. <\/span><\/p>\t\t\t\t\t\t\t\t<\/div>\n\t\t\t\t<\/div>\n\t\t\t\t\t<\/div>\n\t\t<\/div>\n\t\t\t\t<div class=\"elementor-column elementor-col-50 elementor-inner-column elementor-element elementor-element-9f8444d\" data-id=\"9f8444d\" data-element_type=\"column\" data-e-type=\"column\">\n\t\t\t<div class=\"elementor-widget-wrap\">\n\t\t\t\t\t\t\t<\/div>\n\t\t<\/div>\n\t\t\t\t\t<\/div>\n\t\t<\/section>\n\t\t\t\t<\/div>\n\t\t","protected":false},"excerpt":{"rendered":"<p>Unsere Philosophie Jeder Mensch ist f\u00fcr uns ein einzigartiges sinnsuchendes Wesen, der Chancen und Perspektiven f\u00fcr ein neues Wachstum zur Verf\u00fcgung hat. Der Prozess dieser Gestaltungsfindung ist ein essenzieller Teil unserer beratenden T\u00e4tigkeit. Besonders aktuell in Zeiten einer globalen Pandemie, aber auch danach wird die psychische Widerstandsf\u00e4higkeit von Menschen und Gesellschaften sehr unter Beweis gestellt. [&hellip;]<\/p>\n","protected":false},"author":1,"featured_media":0,"parent":0,"menu_order":0,"comment_status":"closed","ping_status":"closed","template":"","meta":{"footnotes":""},"class_list":["post-1936","page","type-page","status-publish","hentry"],"_links":{"self":[{"href":"https:\/\/irmit.org\/index.php?rest_route=\/wp\/v2\/pages\/1936","targetHints":{"allow":["GET"]}}],"collection":[{"href":"https:\/\/irmit.org\/index.php?rest_route=\/wp\/v2\/pages"}],"about":[{"href":"https:\/\/irmit.org\/index.php?rest_route=\/wp\/v2\/types\/page"}],"author":[{"embeddable":true,"href":"https:\/\/irmit.org\/index.php?rest_route=\/wp\/v2\/users\/1"}],"replies":[{"embeddable":true,"href":"https:\/\/irmit.org\/index.php?rest_route=%2Fwp%2Fv2%2Fcomments&post=1936"}],"version-history":[{"count":17,"href":"https:\/\/irmit.org\/index.php?rest_route=\/wp\/v2\/pages\/1936\/revisions"}],"predecessor-version":[{"id":3574,"href":"https:\/\/irmit.org\/index.php?rest_route=\/wp\/v2\/pages\/1936\/revisions\/3574"}],"wp:attachment":[{"href":"https:\/\/irmit.org\/index.php?rest_route=%2Fwp%2Fv2%2Fmedia&parent=1936"}],"curies":[{"name":"wp","href":"https:\/\/api.w.org\/{rel}","templated":true}]}}