{"id":1941,"date":"2021-11-30T12:45:28","date_gmt":"2021-11-30T12:45:28","guid":{"rendered":"https:\/\/irmit.org\/?page_id=1941"},"modified":"2023-03-11T08:26:28","modified_gmt":"2023-03-11T08:26:28","slug":"links","status":"publish","type":"page","link":"https:\/\/irmit.org\/?page_id=1941","title":{"rendered":"Links"},"content":{"rendered":"\t\t<div data-elementor-type=\"wp-page\" data-elementor-id=\"1941\" class=\"elementor elementor-1941\" data-elementor-post-type=\"page\">\n\t\t\t\t\t\t<section class=\"elementor-section elementor-top-section elementor-element elementor-element-a5c7dbd elementor-section-boxed elementor-section-height-default elementor-section-height-default\" data-id=\"a5c7dbd\" data-element_type=\"section\" data-e-type=\"section\">\n\t\t\t\t\t\t<div class=\"elementor-container elementor-column-gap-default\">\n\t\t\t\t\t<div class=\"elementor-column elementor-col-100 elementor-top-column elementor-element elementor-element-410c6d5\" data-id=\"410c6d5\" data-element_type=\"column\" data-e-type=\"column\">\n\t\t\t<div class=\"elementor-widget-wrap elementor-element-populated\">\n\t\t\t\t\t\t<section class=\"elementor-section elementor-inner-section elementor-element elementor-element-a62f816 elementor-section-boxed elementor-section-height-default elementor-section-height-default\" data-id=\"a62f816\" data-element_type=\"section\" data-e-type=\"section\">\n\t\t\t\t\t\t<div class=\"elementor-container elementor-column-gap-default\">\n\t\t\t\t\t<div class=\"elementor-column elementor-col-100 elementor-inner-column elementor-element elementor-element-b23ad14\" data-id=\"b23ad14\" data-element_type=\"column\" data-e-type=\"column\">\n\t\t\t<div class=\"elementor-widget-wrap elementor-element-populated\">\n\t\t\t\t\t\t<div class=\"elementor-element elementor-element-3ef6e3c elementor-widget elementor-widget-heading\" data-id=\"3ef6e3c\" data-element_type=\"widget\" data-e-type=\"widget\" data-widget_type=\"heading.default\">\n\t\t\t\t<div class=\"elementor-widget-container\">\n\t\t\t\t\t<h2 class=\"elementor-heading-title elementor-size-default\">Weiterf\u00fchrende Links<\/h2>\t\t\t\t<\/div>\n\t\t\t\t<\/div>\n\t\t\t\t\t<\/div>\n\t\t<\/div>\n\t\t\t\t\t<\/div>\n\t\t<\/section>\n\t\t\t\t<section class=\"elementor-section elementor-inner-section elementor-element elementor-element-6b0088c elementor-section-boxed elementor-section-height-default elementor-section-height-default\" data-id=\"6b0088c\" data-element_type=\"section\" data-e-type=\"section\">\n\t\t\t\t\t\t<div class=\"elementor-container elementor-column-gap-default\">\n\t\t\t\t\t<div class=\"elementor-column elementor-col-100 elementor-inner-column elementor-element elementor-element-4f5e208\" data-id=\"4f5e208\" data-element_type=\"column\" data-e-type=\"column\">\n\t\t\t<div class=\"elementor-widget-wrap elementor-element-populated\">\n\t\t\t\t\t\t<div class=\"elementor-element elementor-element-443994c elementor-widget elementor-widget-text-editor\" data-id=\"443994c\" data-element_type=\"widget\" data-e-type=\"widget\" data-widget_type=\"text-editor.default\">\n\t\t\t\t<div class=\"elementor-widget-container\">\n\t\t\t\t\t\t\t\t\t<p style=\"text-align: center;\">In diesem Abschnitt ver\u00f6ffentlichen wir weiterf\u00fchrende Links<\/p>\t\t\t\t\t\t\t\t<\/div>\n\t\t\t\t<\/div>\n\t\t\t\t\t<\/div>\n\t\t<\/div>\n\t\t\t\t\t<\/div>\n\t\t<\/section>\n\t\t\t\t\t<\/div>\n\t\t<\/div>\n\t\t\t\t\t<\/div>\n\t\t<\/section>\n\t\t\t\t<section class=\"elementor-section elementor-top-section elementor-element elementor-element-7cc2c95 elementor-section-boxed elementor-section-height-default elementor-section-height-default\" data-id=\"7cc2c95\" data-element_type=\"section\" data-e-type=\"section\">\n\t\t\t\t\t\t<div class=\"elementor-container elementor-column-gap-default\">\n\t\t\t\t\t<div class=\"elementor-column elementor-col-100 elementor-top-column elementor-element elementor-element-cb86513\" data-id=\"cb86513\" data-element_type=\"column\" data-e-type=\"column\">\n\t\t\t<div class=\"elementor-widget-wrap\">\n\t\t\t\t\t\t\t<\/div>\n\t\t<\/div>\n\t\t\t\t\t<\/div>\n\t\t<\/section>\n\t\t\t\t<section class=\"elementor-section elementor-inner-section elementor-element elementor-element-89fb310 elementor-section-boxed elementor-section-height-default elementor-section-height-default\" data-id=\"89fb310\" data-element_type=\"section\" data-e-type=\"section\">\n\t\t\t\t\t\t<div class=\"elementor-container elementor-column-gap-default\">\n\t\t\t\t\t<div class=\"elementor-column elementor-col-25 elementor-inner-column elementor-element elementor-element-2e6e6b7c\" data-id=\"2e6e6b7c\" data-element_type=\"column\" data-e-type=\"column\">\n\t\t\t<div class=\"elementor-widget-wrap elementor-element-populated\">\n\t\t\t\t\t\t<div class=\"elementor-element elementor-element-354569ac elementor-position-top elementor-widget elementor-widget-image-box\" data-id=\"354569ac\" data-element_type=\"widget\" data-e-type=\"widget\" data-widget_type=\"image-box.default\">\n\t\t\t\t<div class=\"elementor-widget-container\">\n\t\t\t\t\t<div class=\"elementor-image-box-wrapper\"><figure class=\"elementor-image-box-img\"><a href=\"https:\/\/griechenland.ahk.de\" tabindex=\"-1\"><img fetchpriority=\"high\" decoding=\"async\" width=\"1421\" height=\"545\" src=\"https:\/\/irmit.org\/wp-content\/uploads\/2023\/03\/400FEAD8-AA46-4943-8447-7A188D77B6CD.jpeg\" class=\"attachment-2048x2048 size-2048x2048 wp-image-3710\" alt=\"\" srcset=\"https:\/\/irmit.org\/wp-content\/uploads\/2023\/03\/400FEAD8-AA46-4943-8447-7A188D77B6CD.jpeg 1421w, https:\/\/irmit.org\/wp-content\/uploads\/2023\/03\/400FEAD8-AA46-4943-8447-7A188D77B6CD-300x115.jpeg 300w, https:\/\/irmit.org\/wp-content\/uploads\/2023\/03\/400FEAD8-AA46-4943-8447-7A188D77B6CD-1024x393.jpeg 1024w, https:\/\/irmit.org\/wp-content\/uploads\/2023\/03\/400FEAD8-AA46-4943-8447-7A188D77B6CD-768x295.jpeg 768w\" sizes=\"(max-width: 1421px) 100vw, 1421px\" \/><\/a><\/figure><div class=\"elementor-image-box-content\"><h3 class=\"elementor-image-box-title\"><a href=\"https:\/\/griechenland.ahk.de\">AHK.de<\/a><\/h3><p class=\"elementor-image-box-description\">IRMIT ist Mitglied der Deutsch-Griechischen Industrie- und Handelskammer<\/p><\/div><\/div>\t\t\t\t<\/div>\n\t\t\t\t<\/div>\n\t\t\t\t\t<\/div>\n\t\t<\/div>\n\t\t\t\t<div class=\"elementor-column elementor-col-25 elementor-inner-column elementor-element elementor-element-758f86a2\" data-id=\"758f86a2\" data-element_type=\"column\" data-e-type=\"column\">\n\t\t\t<div class=\"elementor-widget-wrap elementor-element-populated\">\n\t\t\t\t\t\t<div class=\"elementor-element elementor-element-490b1c4 elementor-position-top elementor-widget elementor-widget-image-box\" data-id=\"490b1c4\" data-element_type=\"widget\" data-e-type=\"widget\" data-widget_type=\"image-box.default\">\n\t\t\t\t<div class=\"elementor-widget-container\">\n\t\t\t\t\t<div class=\"elementor-image-box-wrapper\"><figure class=\"elementor-image-box-img\"><a href=\"https:\/\/griechenland.ahk.de\/gr\" tabindex=\"-1\"><img decoding=\"async\" width=\"1421\" height=\"545\" src=\"https:\/\/irmit.org\/wp-content\/uploads\/2023\/03\/9D96824C-71DD-4309-93E7-9BCD126DE67D.jpeg\" class=\"attachment-full size-full wp-image-3709\" alt=\"\" srcset=\"https:\/\/irmit.org\/wp-content\/uploads\/2023\/03\/9D96824C-71DD-4309-93E7-9BCD126DE67D.jpeg 1421w, https:\/\/irmit.org\/wp-content\/uploads\/2023\/03\/9D96824C-71DD-4309-93E7-9BCD126DE67D-300x115.jpeg 300w, https:\/\/irmit.org\/wp-content\/uploads\/2023\/03\/9D96824C-71DD-4309-93E7-9BCD126DE67D-1024x393.jpeg 1024w, https:\/\/irmit.org\/wp-content\/uploads\/2023\/03\/9D96824C-71DD-4309-93E7-9BCD126DE67D-768x295.jpeg 768w\" sizes=\"(max-width: 1421px) 100vw, 1421px\" \/><\/a><\/figure><div class=\"elementor-image-box-content\"><h3 class=\"elementor-image-box-title\"><a href=\"https:\/\/griechenland.ahk.de\/gr\">AHK.gr<\/a><\/h3><p class=\"elementor-image-box-description\">IRMIT ist Mitglied der Deutsch-Griechischen Industrie- und Handelskammer<\/p><\/div><\/div>\t\t\t\t<\/div>\n\t\t\t\t<\/div>\n\t\t\t\t\t<\/div>\n\t\t<\/div>\n\t\t\t\t<div class=\"elementor-column elementor-col-25 elementor-inner-column elementor-element elementor-element-6e78539a\" data-id=\"6e78539a\" data-element_type=\"column\" data-e-type=\"column\">\n\t\t\t<div class=\"elementor-widget-wrap elementor-element-populated\">\n\t\t\t\t\t\t<div class=\"elementor-element elementor-element-184a938 elementor-position-top elementor-widget elementor-widget-image-box\" data-id=\"184a938\" data-element_type=\"widget\" data-e-type=\"widget\" data-widget_type=\"image-box.default\">\n\t\t\t\t<div class=\"elementor-widget-container\">\n\t\t\t\t\t<div class=\"elementor-image-box-wrapper\"><figure class=\"elementor-image-box-img\"><a href=\"https:\/\/epidavros.gr\" tabindex=\"-1\"><img decoding=\"async\" width=\"300\" height=\"300\" src=\"https:\/\/irmit.org\/wp-content\/uploads\/2023\/03\/3E5ACFCE-08D2-4767-AD45-BA2F0C65E772.png\" class=\"attachment-full size-full wp-image-3733\" alt=\"epidavros.gr\" srcset=\"https:\/\/irmit.org\/wp-content\/uploads\/2023\/03\/3E5ACFCE-08D2-4767-AD45-BA2F0C65E772.png 300w, https:\/\/irmit.org\/wp-content\/uploads\/2023\/03\/3E5ACFCE-08D2-4767-AD45-BA2F0C65E772-150x150.png 150w\" sizes=\"(max-width: 300px) 100vw, 300px\" \/><\/a><\/figure><div class=\"elementor-image-box-content\"><h3 class=\"elementor-image-box-title\"><a href=\"https:\/\/epidavros.gr\">Epidauros<\/a><\/h3><\/div><\/div>\t\t\t\t<\/div>\n\t\t\t\t<\/div>\n\t\t\t\t\t<\/div>\n\t\t<\/div>\n\t\t\t\t<div class=\"elementor-column elementor-col-25 elementor-inner-column elementor-element elementor-element-18693b57\" data-id=\"18693b57\" data-element_type=\"column\" data-e-type=\"column\">\n\t\t\t<div class=\"elementor-widget-wrap\">\n\t\t\t\t\t\t\t<\/div>\n\t\t<\/div>\n\t\t\t\t\t<\/div>\n\t\t<\/section>\n\t\t\t\t<\/div>\n\t\t","protected":false},"excerpt":{"rendered":"<p>Weiterf\u00fchrende Links In diesem Abschnitt ver\u00f6ffentlichen wir weiterf\u00fchrende Links AHK.de IRMIT ist Mitglied der Deutsch-Griechischen Industrie- und Handelskammer AHK.gr IRMIT ist Mitglied der Deutsch-Griechischen Industrie- und Handelskammer Epidauros<\/p>\n","protected":false},"author":1,"featured_media":0,"parent":0,"menu_order":0,"comment_status":"closed","ping_status":"closed","template":"","meta":{"footnotes":""},"class_list":["post-1941","page","type-page","status-publish","hentry"],"_links":{"self":[{"href":"https:\/\/irmit.org\/index.php?rest_route=\/wp\/v2\/pages\/1941","targetHints":{"allow":["GET"]}}],"collection":[{"href":"https:\/\/irmit.org\/index.php?rest_route=\/wp\/v2\/pages"}],"about":[{"href":"https:\/\/irmit.org\/index.php?rest_route=\/wp\/v2\/types\/page"}],"author":[{"embeddable":true,"href":"https:\/\/irmit.org\/index.php?rest_route=\/wp\/v2\/users\/1"}],"replies":[{"embeddable":true,"href":"https:\/\/irmit.org\/index.php?rest_route=%2Fwp%2Fv2%2Fcomments&post=1941"}],"version-history":[{"count":34,"href":"https:\/\/irmit.org\/index.php?rest_route=\/wp\/v2\/pages\/1941\/revisions"}],"predecessor-version":[{"id":3764,"href":"https:\/\/irmit.org\/index.php?rest_route=\/wp\/v2\/pages\/1941\/revisions\/3764"}],"wp:attachment":[{"href":"https:\/\/irmit.org\/index.php?rest_route=%2Fwp%2Fv2%2Fmedia&parent=1941"}],"curies":[{"name":"wp","href":"https:\/\/api.w.org\/{rel}","templated":true}]}}