{"id":2472,"date":"2022-01-11T12:08:30","date_gmt":"2022-01-11T12:08:30","guid":{"rendered":"https:\/\/irmit.org\/?page_id=2472"},"modified":"2023-04-04T15:01:48","modified_gmt":"2023-04-04T15:01:48","slug":"services-2","status":"publish","type":"page","link":"https:\/\/irmit.org\/?page_id=2472","title":{"rendered":"Services"},"content":{"rendered":"\t\t<div data-elementor-type=\"wp-page\" data-elementor-id=\"2472\" class=\"elementor elementor-2472\" data-elementor-post-type=\"page\">\n\t\t\t\t\t\t<section class=\"elementor-section elementor-top-section elementor-element elementor-element-55b4f9c elementor-section-full_width elementor-section-height-min-height elementor-section-items-stretch elementor-section-content-middle elementor-section-height-default\" data-id=\"55b4f9c\" data-element_type=\"section\" data-e-type=\"section\" data-settings=\"{&quot;background_background&quot;:&quot;classic&quot;}\">\n\t\t\t\t\t\t<div class=\"elementor-container elementor-column-gap-no\">\n\t\t\t\t\t<div class=\"elementor-column elementor-col-100 elementor-top-column elementor-element elementor-element-778ef8d\" data-id=\"778ef8d\" data-element_type=\"column\" data-e-type=\"column\">\n\t\t\t<div class=\"elementor-widget-wrap elementor-element-populated\">\n\t\t\t\t\t\t<div class=\"elementor-element elementor-element-3f392c3 elementor-widget__width-initial elementor-absolute elementor-widget-tablet__width-initial elementor-widget-mobile__width-initial elementor-widget elementor-widget-spacer\" data-id=\"3f392c3\" data-element_type=\"widget\" data-e-type=\"widget\" data-settings=\"{&quot;_position&quot;:&quot;absolute&quot;,&quot;motion_fx_motion_fx_scrolling&quot;:&quot;yes&quot;,&quot;motion_fx_translateY_effect&quot;:&quot;yes&quot;,&quot;motion_fx_translateY_direction&quot;:&quot;negative&quot;,&quot;motion_fx_translateY_speed&quot;:{&quot;unit&quot;:&quot;px&quot;,&quot;size&quot;:&quot;2&quot;,&quot;sizes&quot;:[]},&quot;motion_fx_translateY_affectedRange&quot;:{&quot;unit&quot;:&quot;%&quot;,&quot;size&quot;:&quot;&quot;,&quot;sizes&quot;:{&quot;start&quot;:&quot;0&quot;,&quot;end&quot;:&quot;50&quot;}},&quot;motion_fx_devices&quot;:[&quot;desktop&quot;,&quot;tablet&quot;]}\" data-widget_type=\"spacer.default\">\n\t\t\t\t<div class=\"elementor-widget-container\">\n\t\t\t\t\t\t\t<div class=\"elementor-spacer\">\n\t\t\t<div class=\"elementor-spacer-inner\"><\/div>\n\t\t<\/div>\n\t\t\t\t\t\t<\/div>\n\t\t\t\t<\/div>\n\t\t\t\t<div class=\"elementor-element elementor-element-62e87f6 elementor-widget__width-initial elementor-absolute elementor-widget-tablet__width-initial elementor-widget-mobile__width-initial elementor-widget elementor-widget-spacer\" data-id=\"62e87f6\" data-element_type=\"widget\" data-e-type=\"widget\" data-settings=\"{&quot;_position&quot;:&quot;absolute&quot;,&quot;motion_fx_motion_fx_scrolling&quot;:&quot;yes&quot;,&quot;motion_fx_translateY_effect&quot;:&quot;yes&quot;,&quot;motion_fx_translateY_speed&quot;:{&quot;unit&quot;:&quot;px&quot;,&quot;size&quot;:&quot;2&quot;,&quot;sizes&quot;:[]},&quot;motion_fx_translateY_affectedRange&quot;:{&quot;unit&quot;:&quot;%&quot;,&quot;size&quot;:&quot;&quot;,&quot;sizes&quot;:{&quot;start&quot;:&quot;0&quot;,&quot;end&quot;:&quot;50&quot;}},&quot;motion_fx_devices&quot;:[&quot;desktop&quot;,&quot;tablet&quot;]}\" data-widget_type=\"spacer.default\">\n\t\t\t\t<div class=\"elementor-widget-container\">\n\t\t\t\t\t\t\t<div class=\"elementor-spacer\">\n\t\t\t<div class=\"elementor-spacer-inner\"><\/div>\n\t\t<\/div>\n\t\t\t\t\t\t<\/div>\n\t\t\t\t<\/div>\n\t\t\t\t<div class=\"elementor-element elementor-element-a0d51ff elementor-widget elementor-widget-spacer\" data-id=\"a0d51ff\" data-element_type=\"widget\" data-e-type=\"widget\" data-widget_type=\"spacer.default\">\n\t\t\t\t<div class=\"elementor-widget-container\">\n\t\t\t\t\t\t\t<div class=\"elementor-spacer\">\n\t\t\t<div class=\"elementor-spacer-inner\"><\/div>\n\t\t<\/div>\n\t\t\t\t\t\t<\/div>\n\t\t\t\t<\/div>\n\t\t\t\t<section class=\"elementor-section elementor-inner-section elementor-element elementor-element-dbf2956 elementor-section-content-middle elementor-section-height-min-height elementor-section-boxed elementor-section-height-default\" data-id=\"dbf2956\" data-element_type=\"section\" data-e-type=\"section\">\n\t\t\t\t\t\t<div class=\"elementor-container elementor-column-gap-no\">\n\t\t\t\t\t<div class=\"elementor-column elementor-col-33 elementor-inner-column elementor-element elementor-element-6869ddb elementor-hidden-mobile\" data-id=\"6869ddb\" data-element_type=\"column\" data-e-type=\"column\" data-settings=\"{&quot;background_background&quot;:&quot;classic&quot;}\">\n\t\t\t<div class=\"elementor-widget-wrap\">\n\t\t\t\t\t\t\t<\/div>\n\t\t<\/div>\n\t\t\t\t<div class=\"elementor-column elementor-col-33 elementor-inner-column elementor-element elementor-element-410c724 elementor-hidden-mobile\" data-id=\"410c724\" data-element_type=\"column\" data-e-type=\"column\">\n\t\t\t<div class=\"elementor-widget-wrap\">\n\t\t\t\t\t\t\t<\/div>\n\t\t<\/div>\n\t\t\t\t<div class=\"elementor-column elementor-col-33 elementor-inner-column elementor-element elementor-element-9c6af15\" data-id=\"9c6af15\" data-element_type=\"column\" data-e-type=\"column\">\n\t\t\t<div class=\"elementor-widget-wrap elementor-element-populated\">\n\t\t\t\t\t\t<div class=\"elementor-element elementor-element-3589901 elementor-invisible elementor-widget elementor-widget-heading\" data-id=\"3589901\" data-element_type=\"widget\" data-e-type=\"widget\" data-settings=\"{&quot;_animation&quot;:&quot;fadeIn&quot;,&quot;_animation_mobile&quot;:&quot;none&quot;}\" data-widget_type=\"heading.default\">\n\t\t\t\t<div class=\"elementor-widget-container\">\n\t\t\t\t\t<h2 class=\"elementor-heading-title elementor-size-large\">Ihr Gewinn bei uns<\/h2>\t\t\t\t<\/div>\n\t\t\t\t<\/div>\n\t\t\t\t\t<\/div>\n\t\t<\/div>\n\t\t\t\t\t<\/div>\n\t\t<\/section>\n\t\t\t\t\t<\/div>\n\t\t<\/div>\n\t\t\t\t\t<\/div>\n\t\t<\/section>\n\t\t\t\t<section class=\"elementor-section elementor-top-section elementor-element elementor-element-726c0155 elementor-section-boxed elementor-section-height-default elementor-section-height-default\" data-id=\"726c0155\" data-element_type=\"section\" data-e-type=\"section\" data-settings=\"{&quot;background_background&quot;:&quot;classic&quot;,&quot;background_motion_fx_motion_fx_scrolling&quot;:&quot;yes&quot;,&quot;background_motion_fx_devices&quot;:[&quot;desktop&quot;,&quot;tablet&quot;,&quot;mobile&quot;]}\">\n\t\t\t\t\t\t<div class=\"elementor-container elementor-column-gap-no\">\n\t\t\t\t\t<div class=\"elementor-column elementor-col-100 elementor-top-column elementor-element elementor-element-488534d8\" data-id=\"488534d8\" data-element_type=\"column\" data-e-type=\"column\">\n\t\t\t<div class=\"elementor-widget-wrap elementor-element-populated\">\n\t\t\t\t\t\t<div class=\"elementor-element elementor-element-1504924 elementor-drop-cap-yes elementor-drop-cap-view-default elementor-widget elementor-widget-text-editor\" data-id=\"1504924\" data-element_type=\"widget\" data-e-type=\"widget\" data-settings=\"{&quot;drop_cap&quot;:&quot;yes&quot;}\" data-widget_type=\"text-editor.default\">\n\t\t\t\t<div class=\"elementor-widget-container\">\n\t\t\t\t\t\t\t\t\t<p class=\"_04xlpA direction-ltr align-start para-style-body\" style=\"text-align: left;\"><span class=\"JsGRdQ\">In unserem Programm finden Sie Seminare und Fortbildungen f\u00fcr psychosoziale <\/span><span class=\"JsGRdQ\">Einrichtungen, \u00f6ffentliche Tr\u00e4ger und andere relevante Institutionen, die an der Schnittstelle <\/span><span class=\"JsGRdQ\">Beratung\/Begleitung\/Versorgung t\u00e4tig sind:<\/span><span class=\"JsGRdQ\">\u00a0<\/span><\/p>\t\t\t\t\t\t\t\t<\/div>\n\t\t\t\t<\/div>\n\t\t\t\t<div class=\"elementor-element elementor-element-d0ad919 elementor-widget elementor-widget-text-editor\" data-id=\"d0ad919\" data-element_type=\"widget\" data-e-type=\"widget\" data-widget_type=\"text-editor.default\">\n\t\t\t\t<div class=\"elementor-widget-container\">\n\t\t\t\t\t\t\t\t\t<ul><li><span class=\"JsGRdQ\">Gesundheitspr\u00e4vention, Konfliktmanagement, Motivations- und Kommunikationsanalyse, Einzel- und Teamtrainings<\/span><\/li><li><span class=\"JsGRdQ\">Resilienz, Psychohygiene und Burn-Out Pr\u00e4vention<\/span><\/li><li><span class=\"JsGRdQ\">Entwicklung von Curricula in spezielle Psychotraumatologie, Traumafachberatung und Traumatherapie<\/span><\/li><li><span class=\"JsGRdQ\">Themenspezifische BeraterInnen Trainings, wie z.B. DBT-Skills (Dialektisch-Behaviorale Therapie), Trainings f\u00fcr Fachleute, Fortbildungen f\u00fcr sensible Arbeit mit Gefl\u00fcchteten und MigrantInnen, Trainings f\u00fcr die Beraterarbeit im Bereich Flucht, Trauma und Sucht. Nach Absprache k\u00f6nnen weitere spezifische BeraterInnen Trainings an die Bed\u00fcrfnisse ihres Teams angepasst werden.<\/span><\/li><li><span class=\"JsGRdQ\">Kurse und BeraterInnen-Trainings in den Bereichen Sucht und Trauma, HIV und Migration und interkulturellen Kommunikation<\/span><\/li><li><span class=\"JsGRdQ\">Moderation ihrer Tagungen und Besprechungen<\/span><\/li><li><span class=\"JsGRdQ\">Durchf\u00fchrung von spezifischen mehrsprachigen Kurs- und therapeutischen Angeboten im Ausland<\/span><\/li><\/ul>\t\t\t\t\t\t\t\t<\/div>\n\t\t\t\t<\/div>\n\t\t\t\t\t<\/div>\n\t\t<\/div>\n\t\t\t\t\t<\/div>\n\t\t<\/section>\n\t\t\t\t<section class=\"elementor-section elementor-top-section elementor-element elementor-element-91c41eb elementor-section-boxed elementor-section-height-default elementor-section-height-default\" data-id=\"91c41eb\" data-element_type=\"section\" data-e-type=\"section\">\n\t\t\t\t\t\t<div class=\"elementor-container elementor-column-gap-default\">\n\t\t\t\t\t<div class=\"elementor-column elementor-col-33 elementor-top-column elementor-element elementor-element-d9950a4\" data-id=\"d9950a4\" data-element_type=\"column\" data-e-type=\"column\">\n\t\t\t<div class=\"elementor-widget-wrap\">\n\t\t\t\t\t\t\t<\/div>\n\t\t<\/div>\n\t\t\t\t<div class=\"elementor-column elementor-col-33 elementor-top-column elementor-element elementor-element-37a3593\" data-id=\"37a3593\" data-element_type=\"column\" data-e-type=\"column\">\n\t\t\t<div class=\"elementor-widget-wrap elementor-element-populated\">\n\t\t\t\t\t\t<div class=\"elementor-element elementor-element-02ebea8 elementor-widget elementor-widget-heading\" data-id=\"02ebea8\" data-element_type=\"widget\" data-e-type=\"widget\" data-widget_type=\"heading.default\">\n\t\t\t\t<div class=\"elementor-widget-container\">\n\t\t\t\t\t<h2 class=\"elementor-heading-title elementor-size-default\">Folgende Schwerpunkte bieten wir Ihnen an<\/h2>\t\t\t\t<\/div>\n\t\t\t\t<\/div>\n\t\t\t\t<div class=\"elementor-element elementor-element-bf2e178 elementor-widget elementor-widget-spacer\" data-id=\"bf2e178\" data-element_type=\"widget\" data-e-type=\"widget\" data-widget_type=\"spacer.default\">\n\t\t\t\t<div class=\"elementor-widget-container\">\n\t\t\t\t\t\t\t<div class=\"elementor-spacer\">\n\t\t\t<div class=\"elementor-spacer-inner\"><\/div>\n\t\t<\/div>\n\t\t\t\t\t\t<\/div>\n\t\t\t\t<\/div>\n\t\t\t\t<div class=\"elementor-element elementor-element-7cdd61b elementor-posts--align-left elementor-grid-2 elementor-grid-tablet-2 elementor-grid-mobile-1 elementor-posts--thumbnail-top elementor-card-shadow-yes elementor-posts__hover-gradient elementor-widget elementor-widget-posts\" data-id=\"7cdd61b\" data-element_type=\"widget\" data-e-type=\"widget\" data-settings=\"{&quot;cards_row_gap&quot;:{&quot;unit&quot;:&quot;px&quot;,&quot;size&quot;:30,&quot;sizes&quot;:[]},&quot;cards_row_gap_mobile&quot;:{&quot;unit&quot;:&quot;px&quot;,&quot;size&quot;:23,&quot;sizes&quot;:[]},&quot;motion_fx_motion_fx_scrolling&quot;:&quot;yes&quot;,&quot;cards_columns&quot;:&quot;2&quot;,&quot;cards_masonry&quot;:&quot;yes&quot;,&quot;cards_columns_tablet&quot;:&quot;2&quot;,&quot;cards_columns_mobile&quot;:&quot;1&quot;,&quot;cards_row_gap_tablet&quot;:{&quot;unit&quot;:&quot;px&quot;,&quot;size&quot;:&quot;&quot;,&quot;sizes&quot;:[]},&quot;motion_fx_devices&quot;:[&quot;desktop&quot;,&quot;tablet&quot;,&quot;mobile&quot;]}\" data-widget_type=\"posts.cards\">\n\t\t\t\t<div class=\"elementor-widget-container\">\n\t\t\t\t\t\t\t<div class=\"elementor-posts-container elementor-posts elementor-posts--skin-cards elementor-grid\">\n\t\t\t\t<article class=\"elementor-post elementor-grid-item post-3165 post type-post status-publish format-standard has-post-thumbnail hentry category-greencare-retreats\">\n\t\t\t<div class=\"elementor-post__card\">\n\t\t\t\t<a class=\"elementor-post__thumbnail__link\" href=\"https:\/\/irmit.org\/?p=3165\" tabindex=\"-1\" ><div class=\"elementor-post__thumbnail\"><img fetchpriority=\"high\" decoding=\"async\" width=\"768\" height=\"768\" src=\"https:\/\/irmit.org\/wp-content\/uploads\/2023\/03\/F25C9B06-230B-432A-B74A-8A817F087FB7-768x768.png\" class=\"attachment-medium_large size-medium_large wp-image-3821\" alt=\"\" srcset=\"https:\/\/irmit.org\/wp-content\/uploads\/2023\/03\/F25C9B06-230B-432A-B74A-8A817F087FB7-768x768.png 768w, https:\/\/irmit.org\/wp-content\/uploads\/2023\/03\/F25C9B06-230B-432A-B74A-8A817F087FB7-300x300.png 300w, https:\/\/irmit.org\/wp-content\/uploads\/2023\/03\/F25C9B06-230B-432A-B74A-8A817F087FB7-1024x1024.png 1024w, https:\/\/irmit.org\/wp-content\/uploads\/2023\/03\/F25C9B06-230B-432A-B74A-8A817F087FB7-150x150.png 150w, https:\/\/irmit.org\/wp-content\/uploads\/2023\/03\/F25C9B06-230B-432A-B74A-8A817F087FB7-1536x1536.png 1536w, https:\/\/irmit.org\/wp-content\/uploads\/2023\/03\/F25C9B06-230B-432A-B74A-8A817F087FB7.png 2048w\" sizes=\"(max-width: 768px) 100vw, 768px\" \/><\/div><\/a>\n\t\t\t\t<div class=\"elementor-post__text\">\n\t\t\t\t<h3 class=\"elementor-post__title\">\n\t\t\t<a href=\"https:\/\/irmit.org\/?p=3165\" >\n\t\t\t\tHelioTherapy Retreats\t\t\t<\/a>\n\t\t<\/h3>\n\t\t\n\t\t<a class=\"elementor-post__read-more\" href=\"https:\/\/irmit.org\/?p=3165\" aria-label=\"Read more about HelioTherapy Retreats\" tabindex=\"-1\" >\n\t\t\tWeitere Infos\u00bb\t\t<\/a>\n\n\t\t\t\t<\/div>\n\t\t\t\t\t<\/div>\n\t\t<\/article>\n\t\t\t\t<article class=\"elementor-post elementor-grid-item post-3161 post type-post status-publish format-standard has-post-thumbnail hentry category-angebote\">\n\t\t\t<div class=\"elementor-post__card\">\n\t\t\t\t<a class=\"elementor-post__thumbnail__link\" href=\"https:\/\/irmit.org\/?p=3161\" tabindex=\"-1\" ><div class=\"elementor-post__thumbnail\"><img decoding=\"async\" width=\"768\" height=\"768\" src=\"https:\/\/irmit.org\/wp-content\/uploads\/2023\/03\/423F498A-583B-4FF3-B365-D96FBA3F5FC5-768x768.png\" class=\"attachment-medium_large size-medium_large wp-image-3692\" alt=\"\" srcset=\"https:\/\/irmit.org\/wp-content\/uploads\/2023\/03\/423F498A-583B-4FF3-B365-D96FBA3F5FC5-768x768.png 768w, https:\/\/irmit.org\/wp-content\/uploads\/2023\/03\/423F498A-583B-4FF3-B365-D96FBA3F5FC5-300x300.png 300w, https:\/\/irmit.org\/wp-content\/uploads\/2023\/03\/423F498A-583B-4FF3-B365-D96FBA3F5FC5-1024x1024.png 1024w, https:\/\/irmit.org\/wp-content\/uploads\/2023\/03\/423F498A-583B-4FF3-B365-D96FBA3F5FC5-150x150.png 150w, https:\/\/irmit.org\/wp-content\/uploads\/2023\/03\/423F498A-583B-4FF3-B365-D96FBA3F5FC5-1536x1536.png 1536w, https:\/\/irmit.org\/wp-content\/uploads\/2023\/03\/423F498A-583B-4FF3-B365-D96FBA3F5FC5.png 2048w\" sizes=\"(max-width: 768px) 100vw, 768px\" \/><\/div><\/a>\n\t\t\t\t<div class=\"elementor-post__text\">\n\t\t\t\t<h3 class=\"elementor-post__title\">\n\t\t\t<a href=\"https:\/\/irmit.org\/?p=3161\" >\n\t\t\t\tCoaching und Supervision\t\t\t<\/a>\n\t\t<\/h3>\n\t\t\n\t\t<a class=\"elementor-post__read-more\" href=\"https:\/\/irmit.org\/?p=3161\" aria-label=\"Read more about Coaching und Supervision\" tabindex=\"-1\" >\n\t\t\tWeitere Infos\u00bb\t\t<\/a>\n\n\t\t\t\t<\/div>\n\t\t\t\t\t<\/div>\n\t\t<\/article>\n\t\t\t\t<article class=\"elementor-post elementor-grid-item post-3153 post type-post status-publish format-standard has-post-thumbnail hentry category-angebote\">\n\t\t\t<div class=\"elementor-post__card\">\n\t\t\t\t<a class=\"elementor-post__thumbnail__link\" href=\"https:\/\/irmit.org\/?p=3153\" tabindex=\"-1\" ><div class=\"elementor-post__thumbnail\"><img decoding=\"async\" width=\"768\" height=\"768\" src=\"https:\/\/irmit.org\/wp-content\/uploads\/2023\/03\/38ECDA36-C0D4-48DA-9633-234EFBB11FE8-768x768.png\" class=\"attachment-medium_large size-medium_large wp-image-3694\" alt=\"\" srcset=\"https:\/\/irmit.org\/wp-content\/uploads\/2023\/03\/38ECDA36-C0D4-48DA-9633-234EFBB11FE8-768x768.png 768w, https:\/\/irmit.org\/wp-content\/uploads\/2023\/03\/38ECDA36-C0D4-48DA-9633-234EFBB11FE8-300x300.png 300w, https:\/\/irmit.org\/wp-content\/uploads\/2023\/03\/38ECDA36-C0D4-48DA-9633-234EFBB11FE8-1024x1024.png 1024w, https:\/\/irmit.org\/wp-content\/uploads\/2023\/03\/38ECDA36-C0D4-48DA-9633-234EFBB11FE8-150x150.png 150w, https:\/\/irmit.org\/wp-content\/uploads\/2023\/03\/38ECDA36-C0D4-48DA-9633-234EFBB11FE8-1536x1536.png 1536w, https:\/\/irmit.org\/wp-content\/uploads\/2023\/03\/38ECDA36-C0D4-48DA-9633-234EFBB11FE8.png 2048w\" sizes=\"(max-width: 768px) 100vw, 768px\" \/><\/div><\/a>\n\t\t\t\t<div class=\"elementor-post__text\">\n\t\t\t\t<h3 class=\"elementor-post__title\">\n\t\t\t<a href=\"https:\/\/irmit.org\/?p=3153\" >\n\t\t\t\tMethoden und Techniken in Beratung, Begleitung, Therapie\t\t\t<\/a>\n\t\t<\/h3>\n\t\t\n\t\t<a class=\"elementor-post__read-more\" href=\"https:\/\/irmit.org\/?p=3153\" aria-label=\"Read more about Methoden und Techniken in Beratung, Begleitung, Therapie\" tabindex=\"-1\" >\n\t\t\tWeitere Infos\u00bb\t\t<\/a>\n\n\t\t\t\t<\/div>\n\t\t\t\t\t<\/div>\n\t\t<\/article>\n\t\t\t\t<article class=\"elementor-post elementor-grid-item post-3142 post type-post status-publish format-standard has-post-thumbnail hentry category-angebote tag-beratung tag-methoden tag-techniken\">\n\t\t\t<div class=\"elementor-post__card\">\n\t\t\t\t<a class=\"elementor-post__thumbnail__link\" href=\"https:\/\/irmit.org\/?p=3142\" tabindex=\"-1\" ><div class=\"elementor-post__thumbnail\"><img loading=\"lazy\" decoding=\"async\" width=\"768\" height=\"768\" src=\"https:\/\/irmit.org\/wp-content\/uploads\/2023\/04\/12F789BD-15B8-4430-B0F4-25727F42D4E4-768x768.png\" class=\"attachment-medium_large size-medium_large wp-image-3975\" alt=\"\" srcset=\"https:\/\/irmit.org\/wp-content\/uploads\/2023\/04\/12F789BD-15B8-4430-B0F4-25727F42D4E4-768x768.png 768w, https:\/\/irmit.org\/wp-content\/uploads\/2023\/04\/12F789BD-15B8-4430-B0F4-25727F42D4E4-300x300.png 300w, https:\/\/irmit.org\/wp-content\/uploads\/2023\/04\/12F789BD-15B8-4430-B0F4-25727F42D4E4-1024x1024.png 1024w, https:\/\/irmit.org\/wp-content\/uploads\/2023\/04\/12F789BD-15B8-4430-B0F4-25727F42D4E4-150x150.png 150w, https:\/\/irmit.org\/wp-content\/uploads\/2023\/04\/12F789BD-15B8-4430-B0F4-25727F42D4E4-1536x1536.png 1536w, https:\/\/irmit.org\/wp-content\/uploads\/2023\/04\/12F789BD-15B8-4430-B0F4-25727F42D4E4.png 2048w\" sizes=\"(max-width: 768px) 100vw, 768px\" \/><\/div><\/a>\n\t\t\t\t<div class=\"elementor-post__text\">\n\t\t\t\t<h3 class=\"elementor-post__title\">\n\t\t\t<a href=\"https:\/\/irmit.org\/?p=3142\" >\n\t\t\t\tSelbsterfahrung in Beratung, Begleitung, Therapie\t\t\t<\/a>\n\t\t<\/h3>\n\t\t\n\t\t<a class=\"elementor-post__read-more\" href=\"https:\/\/irmit.org\/?p=3142\" aria-label=\"Read more about Selbsterfahrung in Beratung, Begleitung, Therapie\" tabindex=\"-1\" >\n\t\t\tWeitere Infos\u00bb\t\t<\/a>\n\n\t\t\t\t<\/div>\n\t\t\t\t\t<\/div>\n\t\t<\/article>\n\t\t\t\t<\/div>\n\t\t\n\t\t\t\t\t\t<\/div>\n\t\t\t\t<\/div>\n\t\t\t\t\t<\/div>\n\t\t<\/div>\n\t\t\t\t<div class=\"elementor-column elementor-col-33 elementor-top-column elementor-element elementor-element-491130a\" data-id=\"491130a\" data-element_type=\"column\" data-e-type=\"column\">\n\t\t\t<div class=\"elementor-widget-wrap\">\n\t\t\t\t\t\t\t<\/div>\n\t\t<\/div>\n\t\t\t\t\t<\/div>\n\t\t<\/section>\n\t\t\t\t<section class=\"elementor-section elementor-top-section elementor-element elementor-element-22c2bf75 elementor-reverse-mobile elementor-section-full_width elementor-section-height-default elementor-section-height-default\" data-id=\"22c2bf75\" data-element_type=\"section\" data-e-type=\"section\">\n\t\t\t\t\t\t<div class=\"elementor-container elementor-column-gap-no\">\n\t\t\t\t\t<div class=\"elementor-column elementor-col-50 elementor-top-column elementor-element elementor-element-7e262fac\" data-id=\"7e262fac\" data-element_type=\"column\" data-e-type=\"column\">\n\t\t\t<div class=\"elementor-widget-wrap elementor-element-populated\">\n\t\t\t\t\t\t<div class=\"elementor-element elementor-element-626bd69d elementor-widget__width-initial elementor-widget-tablet__width-inherit elementor-widget-mobile__width-auto elementor-hidden-mobile elementor-view-default elementor-widget elementor-widget-icon\" data-id=\"626bd69d\" data-element_type=\"widget\" data-e-type=\"widget\" data-settings=\"{&quot;motion_fx_motion_fx_scrolling&quot;:&quot;yes&quot;,&quot;motion_fx_translateY_effect&quot;:&quot;yes&quot;,&quot;motion_fx_translateY_direction&quot;:&quot;negative&quot;,&quot;motion_fx_translateY_speed&quot;:{&quot;unit&quot;:&quot;px&quot;,&quot;size&quot;:&quot;0.5&quot;,&quot;sizes&quot;:[]},&quot;motion_fx_devices&quot;:[&quot;desktop&quot;],&quot;motion_fx_translateY_affectedRange&quot;:{&quot;unit&quot;:&quot;%&quot;,&quot;size&quot;:&quot;&quot;,&quot;sizes&quot;:{&quot;start&quot;:0,&quot;end&quot;:100}}}\" data-widget_type=\"icon.default\">\n\t\t\t\t<div class=\"elementor-widget-container\">\n\t\t\t\t\t\t\t<div class=\"elementor-icon-wrapper\">\n\t\t\t<div class=\"elementor-icon\">\n\t\t\t<i aria-hidden=\"true\" class=\"fas fa-square\"><\/i>\t\t\t<\/div>\n\t\t<\/div>\n\t\t\t\t\t\t<\/div>\n\t\t\t\t<\/div>\n\t\t\t\t<div class=\"elementor-element elementor-element-75c94fb2 elementor-cta--skin-cover elementor-widget__width-initial elementor-widget-mobile__width-initial elementor-widget-tablet__width-inherit elementor-hidden-mobile elementor-cta--valign-top elementor-widget elementor-widget-call-to-action\" data-id=\"75c94fb2\" data-element_type=\"widget\" data-e-type=\"widget\" data-settings=\"{&quot;motion_fx_motion_fx_scrolling&quot;:&quot;yes&quot;,&quot;motion_fx_translateY_effect&quot;:&quot;yes&quot;,&quot;motion_fx_translateY_speed&quot;:{&quot;unit&quot;:&quot;px&quot;,&quot;size&quot;:&quot;0.5&quot;,&quot;sizes&quot;:[]},&quot;motion_fx_devices&quot;:[&quot;desktop&quot;],&quot;motion_fx_translateY_affectedRange&quot;:{&quot;unit&quot;:&quot;%&quot;,&quot;size&quot;:&quot;&quot;,&quot;sizes&quot;:{&quot;start&quot;:0,&quot;end&quot;:100}}}\" data-widget_type=\"call-to-action.default\">\n\t\t\t\t<div class=\"elementor-widget-container\">\n\t\t\t\t\t\t\t<div class=\"elementor-cta\">\n\t\t\t\t\t<div class=\"elementor-cta__bg-wrapper\">\n\t\t\t\t<div class=\"elementor-cta__bg elementor-bg\" style=\"background-image: url(https:\/\/irmit.org\/wp-content\/uploads\/2022\/09\/EA250C74-EBAA-42F2-ACDA-EE800E9EEB1E.png);\" role=\"img\" aria-label=\"EA250C74-EBAA-42F2-ACDA-EE800E9EEB1E\"><\/div>\n\t\t\t\t<div class=\"elementor-cta__bg-overlay\"><\/div>\n\t\t\t<\/div>\n\t\t\t\t\t\t\t<div class=\"elementor-cta__content\">\n\t\t\t\t\n\t\t\t\t\t\t\t\t\t<h2 class=\"elementor-cta__title elementor-cta__content-item elementor-content-item\">\n\t\t\t\t\t\t \t\t\t\t\t<\/h2>\n\t\t\t\t\n\t\t\t\t\t\t\t\t\t<div class=\"elementor-cta__description elementor-cta__content-item elementor-content-item\">\n\t\t\t\t\t\t \t\t\t\t\t<\/div>\n\t\t\t\t\n\t\t\t\t\t\t\t<\/div>\n\t\t\t\t\t\t<\/div>\n\t\t\t\t\t\t<\/div>\n\t\t\t\t<\/div>\n\t\t\t\t\t<\/div>\n\t\t<\/div>\n\t\t\t\t<div class=\"elementor-column elementor-col-50 elementor-top-column elementor-element elementor-element-7bc13349\" data-id=\"7bc13349\" data-element_type=\"column\" data-e-type=\"column\">\n\t\t\t<div class=\"elementor-widget-wrap elementor-element-populated\">\n\t\t\t\t\t\t<div class=\"elementor-element elementor-element-71cbbff elementor-widget elementor-widget-heading\" data-id=\"71cbbff\" data-element_type=\"widget\" data-e-type=\"widget\" data-widget_type=\"heading.default\">\n\t\t\t\t<div class=\"elementor-widget-container\">\n\t\t\t\t\t<h2 class=\"elementor-heading-title elementor-size-default\"><a href=\"https:\/\/irmit.org\/?page_id=2454\">Gerne beraten wir Sie ausf\u00fchrlich und freuen uns auf Ihre Anfrage!<\/a><\/h2>\t\t\t\t<\/div>\n\t\t\t\t<\/div>\n\t\t\t\t<div class=\"elementor-element elementor-element-1335c046 elementor-widget-mobile__width-auto elementor-view-default elementor-widget elementor-widget-icon\" data-id=\"1335c046\" data-element_type=\"widget\" data-e-type=\"widget\" data-settings=\"{&quot;motion_fx_motion_fx_scrolling&quot;:&quot;yes&quot;,&quot;motion_fx_devices&quot;:[&quot;desktop&quot;]}\" data-widget_type=\"icon.default\">\n\t\t\t\t<div class=\"elementor-widget-container\">\n\t\t\t\t\t\t\t<div class=\"elementor-icon-wrapper\">\n\t\t\t<div class=\"elementor-icon\">\n\t\t\t<i aria-hidden=\"true\" class=\"fas fa-square\"><\/i>\t\t\t<\/div>\n\t\t<\/div>\n\t\t\t\t\t\t<\/div>\n\t\t\t\t<\/div>\n\t\t\t\t<div class=\"elementor-element elementor-element-4f3db80a elementor-widget-mobile__width-auto elementor-view-default elementor-widget elementor-widget-icon\" data-id=\"4f3db80a\" data-element_type=\"widget\" data-e-type=\"widget\" data-widget_type=\"icon.default\">\n\t\t\t\t<div class=\"elementor-widget-container\">\n\t\t\t\t\t\t\t<div class=\"elementor-icon-wrapper\">\n\t\t\t<div class=\"elementor-icon\">\n\t\t\t<i aria-hidden=\"true\" class=\"fas fa-square\"><\/i>\t\t\t<\/div>\n\t\t<\/div>\n\t\t\t\t\t\t<\/div>\n\t\t\t\t<\/div>\n\t\t\t\t\t<\/div>\n\t\t<\/div>\n\t\t\t\t\t<\/div>\n\t\t<\/section>\n\t\t\t\t<\/div>\n\t\t","protected":false},"excerpt":{"rendered":"<p>Ihr Gewinn bei uns In unserem Programm finden Sie Seminare und Fortbildungen f\u00fcr psychosoziale Einrichtungen, \u00f6ffentliche Tr\u00e4ger und andere relevante Institutionen, die an der Schnittstelle<\/p>\n","protected":false},"author":1,"featured_media":0,"parent":0,"menu_order":0,"comment_status":"closed","ping_status":"closed","template":"elementor_header_footer","meta":{"footnotes":""},"class_list":["post-2472","page","type-page","status-publish","hentry"],"_links":{"self":[{"href":"https:\/\/irmit.org\/index.php?rest_route=\/wp\/v2\/pages\/2472","targetHints":{"allow":["GET"]}}],"collection":[{"href":"https:\/\/irmit.org\/index.php?rest_route=\/wp\/v2\/pages"}],"about":[{"href":"https:\/\/irmit.org\/index.php?rest_route=\/wp\/v2\/types\/page"}],"author":[{"embeddable":true,"href":"https:\/\/irmit.org\/index.php?rest_route=\/wp\/v2\/users\/1"}],"replies":[{"embeddable":true,"href":"https:\/\/irmit.org\/index.php?rest_route=%2Fwp%2Fv2%2Fcomments&post=2472"}],"version-history":[{"count":132,"href":"https:\/\/irmit.org\/index.php?rest_route=\/wp\/v2\/pages\/2472\/revisions"}],"predecessor-version":[{"id":3922,"href":"https:\/\/irmit.org\/index.php?rest_route=\/wp\/v2\/pages\/2472\/revisions\/3922"}],"wp:attachment":[{"href":"https:\/\/irmit.org\/index.php?rest_route=%2Fwp%2Fv2%2Fmedia&parent=2472"}],"curies":[{"name":"wp","href":"https:\/\/api.w.org\/{rel}","templated":true}]}}